{"id":2766,"date":"2022-01-13T10:34:16","date_gmt":"2022-01-13T09:34:16","guid":{"rendered":"https:\/\/www.camping-ibarron.com\/a-voir\/"},"modified":"2024-05-09T14:43:27","modified_gmt":"2024-05-09T12:43:27","slug":"a-ver","status":"publish","type":"page","link":"https:\/\/www.camping-ibarron.com\/es\/a-ver\/","title":{"rendered":"\u00c0 VOIR"},"content":{"rendered":"<div class=\"bloc-texte full\"><div class=\"texte center\"><p>Durante tus vacaciones en el Pa\u00eds Vasco podr\u00e1s disfrutar de multitud de actividades en familia. En las inmediaciones de su <a href=\"\/es\/\">camping en Ibarr\u00f3n<\/a> o en sus alrededores, descubra los encantos de esta regi\u00f3n \u00fanica.<\/p>\n<\/div><\/div>\n\n<div class=\"text-image-new style1 image-left\"><div class=\"text-image-new-colonne\"><H2 class=\"text-image-new-titre\">Actividades deportivas alrededor del camping.<\/H2><div class=\"text-image-new-content\"><ul>\n<li>Centro Deportivo KINKA (m\u00e1s informaci\u00f3n aqu\u00ed: www.kinka.eus\/fr\/)<\/li>\n<li>Senderismo<\/li>\n<li>Bicicleta de monta\u00f1a<\/li>\n<li>scooter todo terreno<\/li>\n<li>Melocot\u00f3n<\/li>\n<li>canoa en el nivel<\/li>\n<li>Navegar<\/li>\n<li>Excursiones en quad<\/li>\n<li>Playa<\/li>\n<li>Canotaje<\/li>\n<li>Este punto<\/li>\n<\/ul>\n<\/div><\/div><div class=\"text-image-new-colonne\"><img decoding=\"async\" src=\"https:\/\/www.camping-ibarron.com\/wp-content\/uploads\/2024\/04\/a-voir-camping-pays-basque.jpg\" alt=\"ver camping pais vasco\" class=\"text-image-new-thumb\" \/><\/div><\/div>\n\n<div class=\"text-image-new style1 image-right background-marron\"><div class=\"text-image-new-colonne\"><H2 class=\"text-image-new-titre\">Actividades en el pais vasco<\/H2><div class=\"text-image-new-content\"><p>Numerosos paseos y senderos se\u00f1alizados que parten de la parte trasera del camping, BTT, pesca\u2026<\/p>\n<p>Centro de ocio en el lago St P\u00e9e\/Nivelle. Petit Train de la Rhune, Cuevas de Sare, campos de golf de Nivelle y Chantaco, espacio acu\u00e1tico de chantaco<br \/>\nCanoa\/kayak, quad, rafting\u2026\u2026<\/p>\n<p>Visita: www.loisirs-pays-basque.com<\/p>\n<p>El Pa\u00eds Vasco ofrece numerosas posibilidades de senderismo que tambi\u00e9n pueden ser guiados, as\u00ed como diversas actividades folcl\u00f3ricas.<\/p>\n<\/div><\/div><div class=\"text-image-new-colonne\"><img decoding=\"async\" src=\"https:\/\/www.camping-ibarron.com\/wp-content\/uploads\/2024\/04\/activites-camping-pays-basque.jpg\" alt=\"Actividades de camping en el Pa\u00eds Vasco\" class=\"text-image-new-thumb\" \/><\/div><\/div>\n\n<div class=\"text-image-new style1 image-left\"><div class=\"text-image-new-colonne\"><H2 class=\"text-image-new-titre\">Los lugares emblem\u00e1ticos del Pa\u00eds Vasco para visitar<\/H2><div class=\"text-image-new-content\"><ul>\n<li>Saint P\u00e9e sur Nivelle y su lago<\/li>\n<li>Puerto de San Juan de Luz<\/li>\n<li>Fuerte de Socoa<\/li>\n<li>El trenecito de la Runa<\/li>\n<li>Biarritz y su Pe\u00f1\u00f3n de la Virgen<\/li>\n<li>San Juan Pie de Puerto<\/li>\n<li>Gastronom\u00eda vasca: jam\u00f3n de Bayona, pimientos de Espelette, cerezas de Itxassou, queso de oveja, pastel vasco\u2026.<\/li>\n<li>Los ba\u00f1os termales de Cambo les Bains<\/li>\n<li>El pueblo de Espelette y los pimientos<\/li>\n<li>La ciudadela de Saint Jean Pied de Port<\/li>\n<li>Biarritz, ciudad balnearia con sus playas, el Pe\u00f1\u00f3n de la Virgen, el puerto de pescadores&#8230;<\/li>\n<li>San Juan de Luz, la casa de la infanta, las playas<\/li>\n<li>Surf, pelota vasca<\/li>\n<li>Hendaya y su playa de arena fina de 4 km de longitud<\/li>\n<\/ul>\n<p>\u00bfNo sabes por d\u00f3nde empezar? descubre nuestro Top 10 de cosas que ver en el Pa\u00eds Vasco durante tus pr\u00f3ximas vacaciones.<\/p>\n<\/div><\/div><div class=\"text-image-new-colonne\"><img decoding=\"async\" src=\"https:\/\/www.camping-ibarron.com\/wp-content\/uploads\/2024\/04\/lieux-a-visiter-pays-basque.jpg\" alt=\"lugares para visitar pais vasco\" class=\"text-image-new-thumb\" \/><\/div><\/div>","protected":false},"excerpt":{"rendered":"","protected":false},"author":1,"featured_media":2393,"parent":0,"menu_order":0,"comment_status":"closed","ping_status":"closed","template":"","meta":{"_acf_changed":false,"footnotes":""},"class_list":["post-2766","page","type-page","status-publish","has-post-thumbnail","hentry"],"acf":[],"yoast_head":"<!-- This site is optimized with the Yoast SEO plugin v27.3 - https:\/\/yoast.com\/product\/yoast-seo-wordpress\/ -->\n<title>Visite el Pa\u00eds Vasco: qu\u00e9 hacer en los alrededores del camping Ibarron en St-P\u00e9e<\/title>\n<meta name=\"description\" content=\"Descubre las actividades que ver o hacer en los alrededores del camping Ibarr\u00f3n en el Pa\u00eds Vasco. Los destinos emblem\u00e1ticos del Pa\u00eds Vasco para tus vacaciones.\" \/>\n<meta name=\"robots\" content=\"index, follow, max-snippet:-1, max-image-preview:large, max-video-preview:-1\" \/>\n<link rel=\"canonical\" href=\"https:\/\/www.camping-ibarron.com\/es\/a-ver\/\" \/>\n<meta property=\"og:locale\" content=\"es_ES\" \/>\n<meta property=\"og:type\" content=\"article\" \/>\n<meta property=\"og:title\" content=\"Visite el Pa\u00eds Vasco: qu\u00e9 hacer en los alrededores del camping Ibarron en St-P\u00e9e\" \/>\n<meta property=\"og:description\" content=\"Descubre las actividades que ver o hacer en los alrededores del camping Ibarr\u00f3n en el Pa\u00eds Vasco. Los destinos emblem\u00e1ticos del Pa\u00eds Vasco para tus vacaciones.\" \/>\n<meta property=\"og:url\" content=\"https:\/\/www.camping-ibarron.com\/es\/a-ver\/\" \/>\n<meta property=\"og:site_name\" content=\"Camping Ibarron\" \/>\n<meta property=\"article:modified_time\" content=\"2024-05-09T12:43:27+00:00\" \/>\n<meta property=\"og:image\" content=\"https:\/\/www.camping-ibarron.com\/wp-content\/uploads\/2023\/03\/A-VOIR-A-FAIRE-1-scaled.jpg\" \/>\n\t<meta property=\"og:image:width\" content=\"2560\" \/>\n\t<meta property=\"og:image:height\" content=\"1297\" \/>\n\t<meta property=\"og:image:type\" content=\"image\/jpeg\" \/>\n<meta name=\"twitter:card\" content=\"summary_large_image\" \/>\n<meta name=\"twitter:label1\" content=\"Tiempo de lectura\" \/>\n\t<meta name=\"twitter:data1\" content=\"1 minuto\" \/>\n<script type=\"application\/ld+json\" class=\"yoast-schema-graph\">{\"@context\":\"https:\\\/\\\/schema.org\",\"@graph\":[{\"@type\":\"WebPage\",\"@id\":\"https:\\\/\\\/www.camping-ibarron.com\\\/es\\\/a-ver\\\/\",\"url\":\"https:\\\/\\\/www.camping-ibarron.com\\\/es\\\/a-ver\\\/\",\"name\":\"Visite el Pa\u00eds Vasco: qu\u00e9 hacer en los alrededores del camping Ibarron en St-P\u00e9e\",\"isPartOf\":{\"@id\":\"https:\\\/\\\/www.camping-ibarron.com\\\/es\\\/#website\"},\"primaryImageOfPage\":{\"@id\":\"https:\\\/\\\/www.camping-ibarron.com\\\/es\\\/a-ver\\\/#primaryimage\"},\"image\":{\"@id\":\"https:\\\/\\\/www.camping-ibarron.com\\\/es\\\/a-ver\\\/#primaryimage\"},\"thumbnailUrl\":\"https:\\\/\\\/www.camping-ibarron.com\\\/wp-content\\\/uploads\\\/2023\\\/03\\\/A-VOIR-A-FAIRE-1-scaled.jpg\",\"datePublished\":\"2022-01-13T09:34:16+00:00\",\"dateModified\":\"2024-05-09T12:43:27+00:00\",\"description\":\"Descubre las actividades que ver o hacer en los alrededores del camping Ibarr\u00f3n en el Pa\u00eds Vasco. Los destinos emblem\u00e1ticos del Pa\u00eds Vasco para tus vacaciones.\",\"breadcrumb\":{\"@id\":\"https:\\\/\\\/www.camping-ibarron.com\\\/es\\\/a-ver\\\/#breadcrumb\"},\"inLanguage\":\"es\",\"potentialAction\":[{\"@type\":\"ReadAction\",\"target\":[\"https:\\\/\\\/www.camping-ibarron.com\\\/es\\\/a-ver\\\/\"]}]},{\"@type\":\"ImageObject\",\"inLanguage\":\"es\",\"@id\":\"https:\\\/\\\/www.camping-ibarron.com\\\/es\\\/a-ver\\\/#primaryimage\",\"url\":\"https:\\\/\\\/www.camping-ibarron.com\\\/wp-content\\\/uploads\\\/2023\\\/03\\\/A-VOIR-A-FAIRE-1-scaled.jpg\",\"contentUrl\":\"https:\\\/\\\/www.camping-ibarron.com\\\/wp-content\\\/uploads\\\/2023\\\/03\\\/A-VOIR-A-FAIRE-1-scaled.jpg\",\"width\":2560,\"height\":1297},{\"@type\":\"BreadcrumbList\",\"@id\":\"https:\\\/\\\/www.camping-ibarron.com\\\/es\\\/a-ver\\\/#breadcrumb\",\"itemListElement\":[{\"@type\":\"ListItem\",\"position\":1,\"name\":\"Camping Pays Basque\",\"item\":\"https:\\\/\\\/www.camping-ibarron.com\\\/es\\\/\"},{\"@type\":\"ListItem\",\"position\":2,\"name\":\"Visite el Pa\u00eds Vasco\"}]},{\"@type\":\"WebSite\",\"@id\":\"https:\\\/\\\/www.camping-ibarron.com\\\/es\\\/#website\",\"url\":\"https:\\\/\\\/www.camping-ibarron.com\\\/es\\\/\",\"name\":\"Camping Ibarron\",\"description\":\"Votre camping 3 \u00e9toiles au Pays Basque\",\"potentialAction\":[{\"@type\":\"SearchAction\",\"target\":{\"@type\":\"EntryPoint\",\"urlTemplate\":\"https:\\\/\\\/www.camping-ibarron.com\\\/es\\\/?s={search_term_string}\"},\"query-input\":{\"@type\":\"PropertyValueSpecification\",\"valueRequired\":true,\"valueName\":\"search_term_string\"}}],\"inLanguage\":\"es\"}]}<\/script>\n<!-- \/ Yoast SEO plugin. -->","yoast_head_json":{"title":"Visite el Pa\u00eds Vasco: qu\u00e9 hacer en los alrededores del camping Ibarron en St-P\u00e9e","description":"Descubre las actividades que ver o hacer en los alrededores del camping Ibarr\u00f3n en el Pa\u00eds Vasco. Los destinos emblem\u00e1ticos del Pa\u00eds Vasco para tus vacaciones.","robots":{"index":"index","follow":"follow","max-snippet":"max-snippet:-1","max-image-preview":"max-image-preview:large","max-video-preview":"max-video-preview:-1"},"canonical":"https:\/\/www.camping-ibarron.com\/es\/a-ver\/","og_locale":"es_ES","og_type":"article","og_title":"Visite el Pa\u00eds Vasco: qu\u00e9 hacer en los alrededores del camping Ibarron en St-P\u00e9e","og_description":"Descubre las actividades que ver o hacer en los alrededores del camping Ibarr\u00f3n en el Pa\u00eds Vasco. Los destinos emblem\u00e1ticos del Pa\u00eds Vasco para tus vacaciones.","og_url":"https:\/\/www.camping-ibarron.com\/es\/a-ver\/","og_site_name":"Camping Ibarron","article_modified_time":"2024-05-09T12:43:27+00:00","og_image":[{"width":2560,"height":1297,"url":"https:\/\/www.camping-ibarron.com\/wp-content\/uploads\/2023\/03\/A-VOIR-A-FAIRE-1-scaled.jpg","type":"image\/jpeg"}],"twitter_card":"summary_large_image","twitter_misc":{"Tiempo de lectura":"1 minuto"},"schema":{"@context":"https:\/\/schema.org","@graph":[{"@type":"WebPage","@id":"https:\/\/www.camping-ibarron.com\/es\/a-ver\/","url":"https:\/\/www.camping-ibarron.com\/es\/a-ver\/","name":"Visite el Pa\u00eds Vasco: qu\u00e9 hacer en los alrededores del camping Ibarron en St-P\u00e9e","isPartOf":{"@id":"https:\/\/www.camping-ibarron.com\/es\/#website"},"primaryImageOfPage":{"@id":"https:\/\/www.camping-ibarron.com\/es\/a-ver\/#primaryimage"},"image":{"@id":"https:\/\/www.camping-ibarron.com\/es\/a-ver\/#primaryimage"},"thumbnailUrl":"https:\/\/www.camping-ibarron.com\/wp-content\/uploads\/2023\/03\/A-VOIR-A-FAIRE-1-scaled.jpg","datePublished":"2022-01-13T09:34:16+00:00","dateModified":"2024-05-09T12:43:27+00:00","description":"Descubre las actividades que ver o hacer en los alrededores del camping Ibarr\u00f3n en el Pa\u00eds Vasco. Los destinos emblem\u00e1ticos del Pa\u00eds Vasco para tus vacaciones.","breadcrumb":{"@id":"https:\/\/www.camping-ibarron.com\/es\/a-ver\/#breadcrumb"},"inLanguage":"es","potentialAction":[{"@type":"ReadAction","target":["https:\/\/www.camping-ibarron.com\/es\/a-ver\/"]}]},{"@type":"ImageObject","inLanguage":"es","@id":"https:\/\/www.camping-ibarron.com\/es\/a-ver\/#primaryimage","url":"https:\/\/www.camping-ibarron.com\/wp-content\/uploads\/2023\/03\/A-VOIR-A-FAIRE-1-scaled.jpg","contentUrl":"https:\/\/www.camping-ibarron.com\/wp-content\/uploads\/2023\/03\/A-VOIR-A-FAIRE-1-scaled.jpg","width":2560,"height":1297},{"@type":"BreadcrumbList","@id":"https:\/\/www.camping-ibarron.com\/es\/a-ver\/#breadcrumb","itemListElement":[{"@type":"ListItem","position":1,"name":"Camping Pays Basque","item":"https:\/\/www.camping-ibarron.com\/es\/"},{"@type":"ListItem","position":2,"name":"Visite el Pa\u00eds Vasco"}]},{"@type":"WebSite","@id":"https:\/\/www.camping-ibarron.com\/es\/#website","url":"https:\/\/www.camping-ibarron.com\/es\/","name":"Camping Ibarron","description":"Votre camping 3 \u00e9toiles au Pays Basque","potentialAction":[{"@type":"SearchAction","target":{"@type":"EntryPoint","urlTemplate":"https:\/\/www.camping-ibarron.com\/es\/?s={search_term_string}"},"query-input":{"@type":"PropertyValueSpecification","valueRequired":true,"valueName":"search_term_string"}}],"inLanguage":"es"}]}},"_links":{"self":[{"href":"https:\/\/www.camping-ibarron.com\/es\/wp-json\/wp\/v2\/pages\/2766","targetHints":{"allow":["GET"]}}],"collection":[{"href":"https:\/\/www.camping-ibarron.com\/es\/wp-json\/wp\/v2\/pages"}],"about":[{"href":"https:\/\/www.camping-ibarron.com\/es\/wp-json\/wp\/v2\/types\/page"}],"author":[{"embeddable":true,"href":"https:\/\/www.camping-ibarron.com\/es\/wp-json\/wp\/v2\/users\/1"}],"replies":[{"embeddable":true,"href":"https:\/\/www.camping-ibarron.com\/es\/wp-json\/wp\/v2\/comments?post=2766"}],"version-history":[{"count":2,"href":"https:\/\/www.camping-ibarron.com\/es\/wp-json\/wp\/v2\/pages\/2766\/revisions"}],"predecessor-version":[{"id":2769,"href":"https:\/\/www.camping-ibarron.com\/es\/wp-json\/wp\/v2\/pages\/2766\/revisions\/2769"}],"wp:featuredmedia":[{"embeddable":true,"href":"https:\/\/www.camping-ibarron.com\/es\/wp-json\/wp\/v2\/media\/2393"}],"wp:attachment":[{"href":"https:\/\/www.camping-ibarron.com\/es\/wp-json\/wp\/v2\/media?parent=2766"}],"curies":[{"name":"wp","href":"https:\/\/api.w.org\/{rel}","templated":true}]}}