{"id":2762,"date":"2022-01-12T12:11:57","date_gmt":"2022-01-12T11:11:57","guid":{"rendered":"https:\/\/www.camping-ibarron.com\/activites\/"},"modified":"2024-05-09T14:39:17","modified_gmt":"2024-05-09T12:39:17","slug":"actividades","status":"publish","type":"page","link":"https:\/\/www.camping-ibarron.com\/es\/actividades\/","title":{"rendered":"ACTIVIT\u00c9S"},"content":{"rendered":"<div class=\"bloc-texte full\"><div class=\"texte center\"><p>\u00a1Te ofrecemos un entorno id\u00edlico para tus vacaciones en familia en el <a href=\"\/es\/\">camping Ibarr\u00f3n ***<\/a>, para descubrir y disfrutar de multitud de actividades en tu camping favorito del Pa\u00eds Vasco!<\/p>\n<\/div><\/div>\n\n<div class=\"text-image-new style1 image-left\"><div class=\"text-image-new-colonne\"><H2 class=\"text-image-new-titre\">Muchas actividades<\/H2><div class=\"text-image-new-content\"><p><em>Para la tranquilidad de nuestros clientes, no hay animaci\u00f3n nocturna pero s\u00ed numerosos espect\u00e1culos en los pueblos de los alrededores.<\/em><\/p>\n<ul>\n<li>Piscina y piscina infantil (reservada exclusivamente para nuestros clientes)<\/li>\n<li>Sala de juegos, futbol\u00edn, televisi\u00f3n.<\/li>\n<li>Zona de juegos (tobog\u00e1n y juegos para ni\u00f1os)<\/li>\n<li>Cancha con tablero de baloncesto, voleibol.<\/li>\n<li>cancha de homeball<\/li>\n<li>Ping pong<\/li>\n<li>Bol\u00f3dromo<\/li>\n<\/ul>\n<\/div><\/div><div class=\"text-image-new-colonne\"><img decoding=\"async\" src=\"https:\/\/www.camping-ibarron.com\/wp-content\/uploads\/2024\/04\/activites-camping-ibarron.jpg\" alt=\"Muchas actividades\" class=\"text-image-new-thumb\" \/><\/div><\/div>\n\n<div class=\"images-gallery scroll-x-mobile\"><div class=\"col-image\"><div class=\"image image-1\"><img decoding=\"async\" src=\"https:\/\/www.camping-ibarron.com\/wp-content\/uploads\/2023\/03\/ACTIVITES_carroussel-1-scaled.jpg\" alt=\"aire de jeux camping ibarron\" \/><\/div><\/div><div class=\"col-image\"><div class=\"image image-2\"><img decoding=\"async\" src=\"https:\/\/www.camping-ibarron.com\/wp-content\/uploads\/2023\/03\/ACTIVITES_carroussel-2.jpg\" alt=\"aire de jeux enfants camping ibarron\" \/><\/div><div class=\"image image-3\"><img decoding=\"async\" src=\"https:\/\/www.camping-ibarron.com\/wp-content\/uploads\/2023\/03\/ACTIVITES_carroussel-3.jpg\" alt=\"camping pays basque aire de jeux\" \/><\/div><div class=\"image image-4\"><img decoding=\"async\" src=\"https:\/\/www.camping-ibarron.com\/wp-content\/uploads\/2023\/03\/ACTIVITES_carroussel-4.jpg\" alt=\"piscine camping pays basque\" \/><\/div><\/div><div class=\"col-image\"><div class=\"image image-5\"><img decoding=\"async\" src=\"https:\/\/www.camping-ibarron.com\/wp-content\/uploads\/2023\/03\/ACTIVITES_carroussel-5-scaled.jpg\" alt=\"v\u00e9lo camping ibarron\" \/><\/div><\/div><\/div>","protected":false},"excerpt":{"rendered":"","protected":false},"author":1,"featured_media":2379,"parent":0,"menu_order":0,"comment_status":"closed","ping_status":"closed","template":"","meta":{"_acf_changed":false,"footnotes":""},"class_list":["post-2762","page","type-page","status-publish","has-post-thumbnail","hentry"],"acf":[],"yoast_head":"<!-- This site is optimized with the Yoast SEO plugin v27.3 - https:\/\/yoast.com\/product\/yoast-seo-wordpress\/ -->\n<title>ACTIVIT\u00c9S - Camping Ibarron<\/title>\n<meta name=\"description\" content=\"Descubre los servicios del camping Ibarr\u00f3n en el Pa\u00eds Vasco con piscina, zonas infantiles, bolera y actividades diversas.\" \/>\n<meta name=\"robots\" content=\"index, follow, max-snippet:-1, max-image-preview:large, max-video-preview:-1\" \/>\n<link rel=\"canonical\" href=\"https:\/\/www.camping-ibarron.com\/es\/actividades\/\" \/>\n<meta property=\"og:locale\" content=\"es_ES\" \/>\n<meta property=\"og:type\" content=\"article\" \/>\n<meta property=\"og:title\" content=\"ACTIVIT\u00c9S - Camping Ibarron\" \/>\n<meta property=\"og:description\" content=\"Descubre los servicios del camping Ibarr\u00f3n en el Pa\u00eds Vasco con piscina, zonas infantiles, bolera y actividades diversas.\" \/>\n<meta property=\"og:url\" content=\"https:\/\/www.camping-ibarron.com\/es\/actividades\/\" \/>\n<meta property=\"og:site_name\" content=\"Camping Ibarron\" \/>\n<meta property=\"article:modified_time\" content=\"2024-05-09T12:39:17+00:00\" \/>\n<meta property=\"og:image\" content=\"https:\/\/www.camping-ibarron.com\/wp-content\/uploads\/2023\/03\/ACTIVITES-scaled.jpg\" \/>\n\t<meta property=\"og:image:width\" content=\"2560\" \/>\n\t<meta property=\"og:image:height\" content=\"1297\" \/>\n\t<meta property=\"og:image:type\" content=\"image\/jpeg\" \/>\n<meta name=\"twitter:card\" content=\"summary_large_image\" \/>\n<meta name=\"twitter:label1\" content=\"Tiempo de lectura\" \/>\n\t<meta name=\"twitter:data1\" content=\"1 minuto\" \/>\n<script type=\"application\/ld+json\" class=\"yoast-schema-graph\">{\"@context\":\"https:\\\/\\\/schema.org\",\"@graph\":[{\"@type\":\"WebPage\",\"@id\":\"https:\\\/\\\/www.camping-ibarron.com\\\/es\\\/actividades\\\/\",\"url\":\"https:\\\/\\\/www.camping-ibarron.com\\\/es\\\/actividades\\\/\",\"name\":\"ACTIVIT\u00c9S - Camping Ibarron\",\"isPartOf\":{\"@id\":\"https:\\\/\\\/www.camping-ibarron.com\\\/es\\\/#website\"},\"primaryImageOfPage\":{\"@id\":\"https:\\\/\\\/www.camping-ibarron.com\\\/es\\\/actividades\\\/#primaryimage\"},\"image\":{\"@id\":\"https:\\\/\\\/www.camping-ibarron.com\\\/es\\\/actividades\\\/#primaryimage\"},\"thumbnailUrl\":\"https:\\\/\\\/www.camping-ibarron.com\\\/wp-content\\\/uploads\\\/2023\\\/03\\\/ACTIVITES-scaled.jpg\",\"datePublished\":\"2022-01-12T11:11:57+00:00\",\"dateModified\":\"2024-05-09T12:39:17+00:00\",\"description\":\"Descubre los servicios del camping Ibarr\u00f3n en el Pa\u00eds Vasco con piscina, zonas infantiles, bolera y actividades diversas.\",\"breadcrumb\":{\"@id\":\"https:\\\/\\\/www.camping-ibarron.com\\\/es\\\/actividades\\\/#breadcrumb\"},\"inLanguage\":\"es\",\"potentialAction\":[{\"@type\":\"ReadAction\",\"target\":[\"https:\\\/\\\/www.camping-ibarron.com\\\/es\\\/actividades\\\/\"]}]},{\"@type\":\"ImageObject\",\"inLanguage\":\"es\",\"@id\":\"https:\\\/\\\/www.camping-ibarron.com\\\/es\\\/actividades\\\/#primaryimage\",\"url\":\"https:\\\/\\\/www.camping-ibarron.com\\\/wp-content\\\/uploads\\\/2023\\\/03\\\/ACTIVITES-scaled.jpg\",\"contentUrl\":\"https:\\\/\\\/www.camping-ibarron.com\\\/wp-content\\\/uploads\\\/2023\\\/03\\\/ACTIVITES-scaled.jpg\",\"width\":2560,\"height\":1297},{\"@type\":\"BreadcrumbList\",\"@id\":\"https:\\\/\\\/www.camping-ibarron.com\\\/es\\\/actividades\\\/#breadcrumb\",\"itemListElement\":[{\"@type\":\"ListItem\",\"position\":1,\"name\":\"Camping Pays Basque\",\"item\":\"https:\\\/\\\/www.camping-ibarron.com\\\/es\\\/\"},{\"@type\":\"ListItem\",\"position\":2,\"name\":\"Actividades\"}]},{\"@type\":\"WebSite\",\"@id\":\"https:\\\/\\\/www.camping-ibarron.com\\\/es\\\/#website\",\"url\":\"https:\\\/\\\/www.camping-ibarron.com\\\/es\\\/\",\"name\":\"Camping Ibarron\",\"description\":\"Votre camping 3 \u00e9toiles au Pays Basque\",\"potentialAction\":[{\"@type\":\"SearchAction\",\"target\":{\"@type\":\"EntryPoint\",\"urlTemplate\":\"https:\\\/\\\/www.camping-ibarron.com\\\/es\\\/?s={search_term_string}\"},\"query-input\":{\"@type\":\"PropertyValueSpecification\",\"valueRequired\":true,\"valueName\":\"search_term_string\"}}],\"inLanguage\":\"es\"}]}<\/script>\n<!-- \/ Yoast SEO plugin. -->","yoast_head_json":{"title":"ACTIVIT\u00c9S - Camping Ibarron","description":"Descubre los servicios del camping Ibarr\u00f3n en el Pa\u00eds Vasco con piscina, zonas infantiles, bolera y actividades diversas.","robots":{"index":"index","follow":"follow","max-snippet":"max-snippet:-1","max-image-preview":"max-image-preview:large","max-video-preview":"max-video-preview:-1"},"canonical":"https:\/\/www.camping-ibarron.com\/es\/actividades\/","og_locale":"es_ES","og_type":"article","og_title":"ACTIVIT\u00c9S - Camping Ibarron","og_description":"Descubre los servicios del camping Ibarr\u00f3n en el Pa\u00eds Vasco con piscina, zonas infantiles, bolera y actividades diversas.","og_url":"https:\/\/www.camping-ibarron.com\/es\/actividades\/","og_site_name":"Camping Ibarron","article_modified_time":"2024-05-09T12:39:17+00:00","og_image":[{"width":2560,"height":1297,"url":"https:\/\/www.camping-ibarron.com\/wp-content\/uploads\/2023\/03\/ACTIVITES-scaled.jpg","type":"image\/jpeg"}],"twitter_card":"summary_large_image","twitter_misc":{"Tiempo de lectura":"1 minuto"},"schema":{"@context":"https:\/\/schema.org","@graph":[{"@type":"WebPage","@id":"https:\/\/www.camping-ibarron.com\/es\/actividades\/","url":"https:\/\/www.camping-ibarron.com\/es\/actividades\/","name":"ACTIVIT\u00c9S - Camping Ibarron","isPartOf":{"@id":"https:\/\/www.camping-ibarron.com\/es\/#website"},"primaryImageOfPage":{"@id":"https:\/\/www.camping-ibarron.com\/es\/actividades\/#primaryimage"},"image":{"@id":"https:\/\/www.camping-ibarron.com\/es\/actividades\/#primaryimage"},"thumbnailUrl":"https:\/\/www.camping-ibarron.com\/wp-content\/uploads\/2023\/03\/ACTIVITES-scaled.jpg","datePublished":"2022-01-12T11:11:57+00:00","dateModified":"2024-05-09T12:39:17+00:00","description":"Descubre los servicios del camping Ibarr\u00f3n en el Pa\u00eds Vasco con piscina, zonas infantiles, bolera y actividades diversas.","breadcrumb":{"@id":"https:\/\/www.camping-ibarron.com\/es\/actividades\/#breadcrumb"},"inLanguage":"es","potentialAction":[{"@type":"ReadAction","target":["https:\/\/www.camping-ibarron.com\/es\/actividades\/"]}]},{"@type":"ImageObject","inLanguage":"es","@id":"https:\/\/www.camping-ibarron.com\/es\/actividades\/#primaryimage","url":"https:\/\/www.camping-ibarron.com\/wp-content\/uploads\/2023\/03\/ACTIVITES-scaled.jpg","contentUrl":"https:\/\/www.camping-ibarron.com\/wp-content\/uploads\/2023\/03\/ACTIVITES-scaled.jpg","width":2560,"height":1297},{"@type":"BreadcrumbList","@id":"https:\/\/www.camping-ibarron.com\/es\/actividades\/#breadcrumb","itemListElement":[{"@type":"ListItem","position":1,"name":"Camping Pays Basque","item":"https:\/\/www.camping-ibarron.com\/es\/"},{"@type":"ListItem","position":2,"name":"Actividades"}]},{"@type":"WebSite","@id":"https:\/\/www.camping-ibarron.com\/es\/#website","url":"https:\/\/www.camping-ibarron.com\/es\/","name":"Camping Ibarron","description":"Votre camping 3 \u00e9toiles au Pays Basque","potentialAction":[{"@type":"SearchAction","target":{"@type":"EntryPoint","urlTemplate":"https:\/\/www.camping-ibarron.com\/es\/?s={search_term_string}"},"query-input":{"@type":"PropertyValueSpecification","valueRequired":true,"valueName":"search_term_string"}}],"inLanguage":"es"}]}},"_links":{"self":[{"href":"https:\/\/www.camping-ibarron.com\/es\/wp-json\/wp\/v2\/pages\/2762","targetHints":{"allow":["GET"]}}],"collection":[{"href":"https:\/\/www.camping-ibarron.com\/es\/wp-json\/wp\/v2\/pages"}],"about":[{"href":"https:\/\/www.camping-ibarron.com\/es\/wp-json\/wp\/v2\/types\/page"}],"author":[{"embeddable":true,"href":"https:\/\/www.camping-ibarron.com\/es\/wp-json\/wp\/v2\/users\/1"}],"replies":[{"embeddable":true,"href":"https:\/\/www.camping-ibarron.com\/es\/wp-json\/wp\/v2\/comments?post=2762"}],"version-history":[{"count":2,"href":"https:\/\/www.camping-ibarron.com\/es\/wp-json\/wp\/v2\/pages\/2762\/revisions"}],"predecessor-version":[{"id":2765,"href":"https:\/\/www.camping-ibarron.com\/es\/wp-json\/wp\/v2\/pages\/2762\/revisions\/2765"}],"wp:featuredmedia":[{"embeddable":true,"href":"https:\/\/www.camping-ibarron.com\/es\/wp-json\/wp\/v2\/media\/2379"}],"wp:attachment":[{"href":"https:\/\/www.camping-ibarron.com\/es\/wp-json\/wp\/v2\/media?parent=2762"}],"curies":[{"name":"wp","href":"https:\/\/api.w.org\/{rel}","templated":true}]}}