{"id":2753,"date":"2022-01-04T15:34:24","date_gmt":"2022-01-04T14:34:24","guid":{"rendered":"https:\/\/www.camping-ibarron.com\/achat-mobil-home-pays-basque\/"},"modified":"2024-10-15T11:20:47","modified_gmt":"2024-10-15T09:20:47","slug":"compra-casa-movil-pais-vasco","status":"publish","type":"page","link":"https:\/\/www.camping-ibarron.com\/es\/compra-casa-movil-pais-vasco\/","title":{"rendered":"DEVENIR PROPRI\u00c9TAIRE"},"content":{"rendered":"<div class=\"bloc-texte full\"><div class=\"texte center\"><p>\u00bfQuiere tener una residencia de vacaciones accesible todo el a\u00f1o para disfrutar de las atracciones tur\u00edsticas m\u00e1s bellas de Francia? \u00bfPor qu\u00e9 no invertir en la compra de una casa m\u00f3vil en el coraz\u00f3n del Pa\u00eds Vasco, en los Pirineos Atl\u00e1nticos, entre Bearn y Landas, en Nueva Aquitania? En estos campings tendr\u00e1s un lugar donde reunirte con tu familia como desees. Idealmente situado cerca de San Juan de Luz y de Bidart, el <a href=\"\/es\/\">camping Ibarron<\/a>, este camping de 3 estrellas en el Pa\u00eds Vasco, es un verdadero remanso de paz en plena naturaleza y ofrece servicios de estrella a sus felices propietarios. Enclavado al pie de las monta\u00f1as, este establecimiento es el lugar so\u00f1ado no s\u00f3lo para los amantes de los deportes al aire libre, sino tambi\u00e9n para los aficionados a las actividades acu\u00e1ticas. La ubicaci\u00f3n de este camping es una verdadera ventaja para tener la oportunidad de acceder a innumerables sitios tur\u00edsticos. Planea comprar una casa m\u00f3vil para disfrutar de vacaciones los 10 meses del a\u00f1o.<\/p>\n<\/div><\/div>\n\n<div class=\"frame\"><div class=\"texte center\">\r\n\t<div class=\"cards\">\r\n\t\t<div class=\"card\">\r\n\t\t\t<img loading=\"lazy\" width=\"150\" height=\"150\" decoding=\"async\" src=\"\/wp-content\/uploads\/2024\/04\/ouverture.png\" alt=\"ouverture camping propri\u00e9taires\" data-lazy-src=\"\/wp-content\/uploads\/2024\/04\/ouverture.png\" data-ll-status=\"loaded\" class=\"entered lazyloaded\"><noscript><img loading=\"lazy\" width=\"150\" height=\"150\" decoding=\"async\" src=\"\/wp-content\/uploads\/2024\/04\/ouverture.png\" alt=\"ouverture camping propri\u00e9taires\"><\/noscript>\r\n\t\t\t<p>Apertura para propietarios<br>01\/02 al 30\/11<\/p>\r\n\t\t<\/div>\r\n\t\t<div class=\"card\">\r\n\t\t\t<img loading=\"lazy\" width=\"150\" height=\"150\" decoding=\"async\" src=\"\/wp-content\/uploads\/2024\/04\/mobil-home.png\" alt=\"achat mobil home occasion\" data-lazy-src=\"\/wp-content\/uploads\/2024\/04\/mobil-home.png\" data-ll-status=\"loaded\" class=\"entered lazyloaded\"><noscript><img loading=\"lazy\" width=\"150\" height=\"150\" decoding=\"async\" src=\"\/wp-content\/uploads\/2024\/04\/mobil-home.png\" alt=\"achat mobil home occasion\"><\/noscript>\r\n\t\t\t<p>Tu mobil-home nuevo o usado<br>con terraza<br><\/p>\r\n\t\t<\/div>\r\n\t\t<div class=\"card\">\r\n\t\t\t<img loading=\"lazy\" width=\"150\" height=\"150\" decoding=\"async\" src=\"\/wp-content\/uploads\/2024\/04\/emplacement.png\" alt=\"location emplacement mobil home\" data-lazy-src=\"\/wp-content\/uploads\/2024\/04\/emplacement.png\" data-ll-status=\"loaded\" class=\"entered lazyloaded\"><noscript><img loading=\"lazy\" width=\"150\" height=\"150\" decoding=\"async\" src=\"\/wp-content\/uploads\/2024\/04\/emplacement.png\" alt=\"location emplacement mobil home\"><\/noscript>\r\n\t\t\t<p>Alquiler de local<br>a 3.696\u20ac\/a\u00f1o<\/p>\r\n\t\t<\/div>\r\n\t<\/div>\r\n<\/div><\/div>\n\n<div class=\"boutons-row\"><a class=\"bouton\" href=\"#form-vente\">\u00a1Solicita tu cotizaci\u00f3n!<\/a><\/div>\n\n<div class=\"text-image-new style1 image-left\"><div class=\"text-image-new-colonne\"><H2 class=\"text-image-new-titre\">Venta de casas m\u00f3viles en Saint-P\u00e9e-sur-Nivelle: las marcas<\/H2><div class=\"text-image-new-content\"><p>Invierta con un valor seguro confiando en el camping Ibarron para la adquisici\u00f3n de su segunda residencia en los Pirineos Atl\u00e1nticos. Las casas m\u00f3viles que se le ofrecer\u00e1n son de muy buena calidad. De reciente fabricaci\u00f3n y buen mantenimiento, pueden mantener su estado original durante m\u00e1s de 20 a\u00f1os. Al optar por el camping Ibarr\u00f3n, podr\u00e1s elegir entre las casas m\u00f3viles m\u00e1s bonitas que podr\u00e1s encontrar en la regi\u00f3n. Y como garant\u00eda de la calidad de estos alojamientos, sepa que est\u00e1n firmados por IRM, que es, en este caso, el mayor fabricante de casas m\u00f3viles de Francia.<\/p>\n<p>Aut\u00e9ntico l\u00edder del mercado, esta firma es una referencia en el mundo de la hosteler\u00eda al aire libre. Los modelos de viviendas m\u00f3viles que se pueden adquirir en el camping Ibarr\u00f3n son creaciones originales del grupo Beneteau y de la empresa Luisiana. Fieles a su reputaci\u00f3n, estos fabricantes le proponen modelos modernos que ser\u00e1n una mejor alternativa de alojamiento para sus estancias cerca de Biarritz o Bidart. Al ser un modelo de alta gama su precio ronda los 50.000 euros, pero ten por seguro que la inversi\u00f3n merece la pena dada la calidad de estas casas m\u00f3viles y la parcela en la que est\u00e1n instaladas. Las casas m\u00f3viles cuentan con dormitorios, zona de estar, ba\u00f1o y una zona exterior para tus tardes de sol.<\/p>\n<\/div><\/div><div class=\"text-image-new-colonne\"><img decoding=\"async\" src=\"https:\/\/www.camping-ibarron.com\/wp-content\/uploads\/2024\/04\/achat-mobil-home-camping-pays-basque.jpg\" alt=\"comprar una casa m\u00f3vil en el pa\u00eds vasco\" class=\"text-image-new-thumb\" \/><\/div><\/div>\n\n<div class=\"text-image-new style1 image-right background-marron\"><div class=\"text-image-new-colonne\"><H2 class=\"text-image-new-titre\">\u00bfPor qu\u00e9 comprar una casa m\u00f3vil en la Costa Vasca?<\/H2><div class=\"text-image-new-content\"><p>Invertir en una casa m\u00f3vil en el Pa\u00eds Vasco, cerca de Biarritz y Bidart, significa tener la posibilidad de disfrutar de los mejores atractivos tur\u00edsticos de la regi\u00f3n en cada periodo vacacional. Podr\u00e1s organizar tus programas de viaje con total tranquilidad porque ya no tendr\u00e1s que afrontar las dificultades de reservar en la mejor ubicaci\u00f3n residencial durante la temporada alta.<\/p>\n<p>Una vez concluida la venta podr\u00e1s convertirlo en un lugar para tus escapadas familiares o para tus viajes con amigos. Y si decides convertirte en propietario de un mobil-home de 2 o m\u00e1s habitaciones en el camping Ibarr\u00f3n, no s\u00f3lo podr\u00e1s beneficiarte de un alojamiento confortable en plena naturaleza, sino tambi\u00e9n de las instalaciones de ocio que ofrece el camping sin coste adicional: piscina, campo deportivo, zonas de juegos infantiles, etc. A esto se suman las actividades de ocio que puedes realizar en los alrededores de la finca, porque hay que recordar que el camping Ibarr\u00f3n goza de una ubicaci\u00f3n privilegiada a las puertas de la frontera espa\u00f1ola y cerca del oc\u00e9ano Atl\u00e1ntico. Podr\u00e1s solicitar toda la informaci\u00f3n que necesites para el alquiler de mobil-homes y la compra de las diferentes parcelas disponibles y los precios de estos mobil-homes llamando directamente al gestor.<\/p>\n<\/div><\/div><div class=\"text-image-new-colonne\"><img decoding=\"async\" src=\"https:\/\/www.camping-ibarron.com\/wp-content\/uploads\/2024\/04\/camping-cote-basque.jpg\" alt=\"venta de casas m\u00f3viles pais vasco\" class=\"text-image-new-thumb\" \/><\/div><\/div>\n\n<div class=\"section-contact pt-5 pb-5\"><div class=\"contact-left\"><div class=\"formulaire-de-contact\"><p class=\"h3\">\u00a1Cont\u00e1ctenos!<\/p>\n<div class=\"wpcf7 no-js\" id=\"wpcf7-f2799-o1\" lang=\"es-ES\" dir=\"ltr\" data-wpcf7-id=\"2799\">\n<div class=\"screen-reader-response\"><p role=\"status\" aria-live=\"polite\" aria-atomic=\"true\"><\/p> <ul><\/ul><\/div>\n<form action=\"\/es\/wp-json\/wp\/v2\/pages\/2753#wpcf7-f2799-o1\" method=\"post\" class=\"wpcf7-form init\" aria-label=\"Formulario de contacto\" novalidate=\"novalidate\" data-status=\"init\">\n<fieldset class=\"hidden-fields-container\"><input type=\"hidden\" name=\"_wpcf7\" value=\"2799\" \/><input type=\"hidden\" name=\"_wpcf7_version\" value=\"6.1.5\" \/><input type=\"hidden\" name=\"_wpcf7_locale\" value=\"es_ES\" \/><input type=\"hidden\" name=\"_wpcf7_unit_tag\" value=\"wpcf7-f2799-o1\" \/><input type=\"hidden\" name=\"_wpcf7_container_post\" value=\"0\" \/><input type=\"hidden\" name=\"_wpcf7_posted_data_hash\" value=\"\" \/>\n<\/fieldset>\n<div id=\"form-vente\">\n<\/div>\n<p><span class=\"wpcf7-form-control-wrap\" data-name=\"your-name\"><input size=\"40\" maxlength=\"400\" class=\"wpcf7-form-control wpcf7-text wpcf7-validates-as-required\" aria-required=\"true\" aria-invalid=\"false\" placeholder=\"Su nombre\" value=\"\" type=\"text\" name=\"your-name\" \/><\/span><span class=\"wpcf7-form-control-wrap\" data-name=\"your-email\"><input size=\"40\" maxlength=\"400\" class=\"wpcf7-form-control wpcf7-email wpcf7-validates-as-required wpcf7-text wpcf7-validates-as-email\" aria-required=\"true\" aria-invalid=\"false\" placeholder=\"Su email\" value=\"\" type=\"email\" name=\"your-email\" \/><\/span><span class=\"wpcf7-form-control-wrap\" data-name=\"your-phone\"><input size=\"40\" maxlength=\"400\" class=\"wpcf7-form-control wpcf7-text wpcf7-validates-as-required\" aria-required=\"true\" aria-invalid=\"false\" placeholder=\"Su tel\u00e9fono\" value=\"\" type=\"text\" name=\"your-phone\" \/><\/span><span class=\"wpcf7-form-control-wrap\" data-name=\"code-postal\"><input size=\"40\" maxlength=\"400\" class=\"wpcf7-form-control wpcf7-text wpcf7-validates-as-required\" aria-required=\"true\" aria-invalid=\"false\" placeholder=\"Tu c\u00f3digo postal...\" value=\"\" type=\"text\" name=\"code-postal\" \/><\/span><span class=\"wpcf7-form-control-wrap\" data-name=\"your-message\"><textarea cols=\"40\" rows=\"10\" maxlength=\"2000\" class=\"wpcf7-form-control wpcf7-textarea\" aria-invalid=\"false\" placeholder=\"Tu mensaje (No dudes en contarnos tu presupuesto, tus deseos para poder darte el mejor asesoramiento)\" name=\"your-message\"><\/textarea><\/span><span class=\"wpcf7-form-control-wrap\" data-name=\"acceptance-553\"><span class=\"wpcf7-form-control wpcf7-acceptance\"><span class=\"wpcf7-list-item\"><label><input type=\"checkbox\" name=\"acceptance-553\" value=\"1\" aria-invalid=\"false\" \/><span class=\"wpcf7-list-item-label\">Al enviar este formulario, acepto que la informaci\u00f3n ingresada se conservar\u00e1 para permitir ser contactado o para informaci\u00f3n comercial. Acepto la <a href=\"\/es\/politica-de-confidencialidad\/\" rel=\"nofollow\" target=\"_blank\">Pol\u00edtica de Privacidad<\/a> de este sitio.<\/span><\/label><\/span><\/span><\/span><input class=\"wpcf7-form-control wpcf7-submit has-spinner\" type=\"submit\" value=\"Enviar\" \/>\n<\/p><div class=\"wpcf7-response-output\" aria-hidden=\"true\"><\/div>\n<\/form>\n<\/div>\n<\/div><\/div><div class=\"contact-right\"><div class=\"coord-col\"><p class=\"h4\">Nuestros datos de contacto<\/p><span class=\"coord-line\"><div class=\"icon\"><svg width=\"22\" height=\"28\" viewBox=\"0 0 15 21\" fill=\"none\" xmlns=\"http:\/\/www.w3.org\/2000\/svg\"><path d=\"M6.5 9.04883C7.10156 9.04883 7.61426 8.83691 8.03809 8.41309C8.46191 7.98926 8.67383 7.47656 8.67383 6.875C8.67383 6.27344 8.46191 5.76074 8.03809 5.33691C7.61426 4.91309 7.10156 4.70117 6.5 4.70117C5.89844 4.70117 5.38574 4.91309 4.96191 5.33691C4.53809 5.76074 4.32617 6.27344 4.32617 6.875C4.32617 7.47656 4.53809 7.98926 4.96191 8.41309C5.38574 8.83691 5.89844 9.04883 6.5 9.04883ZM6.5 0.763672C8.19531 0.763672 9.6377 1.3584 10.8271 2.54785C12.0166 3.7373 12.6113 5.17969 12.6113 6.875C12.6113 7.72266 12.3994 8.69336 11.9756 9.78711C11.5518 10.8809 11.0391 11.9062 10.4375 12.8633C9.83594 13.8203 9.24121 14.7158 8.65332 15.5498C8.06543 16.3838 7.56641 17.0469 7.15625 17.5391L6.5 18.2363C6.33594 18.0449 6.11719 17.792 5.84375 17.4775C5.57031 17.1631 5.07812 16.5342 4.36719 15.5908C3.65625 14.6475 3.03418 13.7314 2.50098 12.8428C1.96777 11.9541 1.48242 10.9492 1.04492 9.82812C0.607422 8.70703 0.388672 7.72266 0.388672 6.875C0.388672 5.17969 0.983398 3.7373 2.17285 2.54785C3.3623 1.3584 4.80469 0.763672 6.5 0.763672Z\" fill=\"#F76D00\"\/><\/svg><\/div>Quartier d\u2019Ibarron, ZA Lizardia, 64310 ST PEE SUR NIVELLE<\/span><span class=\"coord-line\"><div class=\"icon\"><svg width=\"25\" height=\"22\" viewBox=\"0 0 20 17\" fill=\"none\" xmlns=\"http:\/\/www.w3.org\/2000\/svg\"><path d=\"M3.91016 7.70012C5.53516 10.2398 7.92188 12.165 11.0703 13.4758L13.457 11.5506C13.7956 11.2775 14.168 11.2092 14.5742 11.3458C15.793 11.6735 17.0794 11.8373 18.4336 11.8373C18.7383 11.8373 18.9922 11.9192 19.1953 12.0831C19.3984 12.2469 19.5 12.4517 19.5 12.6975V15.7697C19.5 16.0154 19.3984 16.2203 19.1953 16.3841C18.9922 16.548 18.7383 16.6299 18.4336 16.6299C13.3555 16.6299 9.01367 15.1757 5.4082 12.2674C1.80273 9.35909 0 5.85682 0 1.7606C0 1.51482 0.101562 1.31001 0.304688 1.14616C0.507812 0.982315 0.761719 0.900391 1.06641 0.900391H4.875C5.17969 0.900391 5.43359 0.982315 5.63672 1.14616C5.83984 1.31001 5.94141 1.51482 5.94141 1.7606C5.94141 2.85292 6.14453 3.89063 6.55078 4.87373C6.6862 5.22873 6.60156 5.52912 6.29688 5.77489L3.91016 7.70012Z\" fill=\"#F76D00\"\/><\/svg><\/div><a href=\"tel:+33559541043\">05 59 54 10 43<\/a><\/span><\/div><div class=\"coord-col\"><p class=\"h4\">Fechas de apertura<\/p><span class=\"coord-line\"><div class=\"icon\"><svg width=\"22\" height=\"22\" viewBox=\"0 0 19 19\" fill=\"none\" xmlns=\"http:\/\/www.w3.org\/2000\/svg\"><path d=\"M9.95117 5.11133V9.70508L13.8887 12.043L13.2324 13.1504L8.63867 10.3613V5.11133H9.95117ZM9.5 16.5137C11.4141 16.5137 13.0615 15.8232 14.4424 14.4424C15.8232 13.0615 16.5137 11.4141 16.5137 9.5C16.5137 7.58594 15.8232 5.93848 14.4424 4.55762C13.0615 3.17676 11.4141 2.48633 9.5 2.48633C7.58594 2.48633 5.93848 3.17676 4.55762 4.55762C3.17676 5.93848 2.48633 7.58594 2.48633 9.5C2.48633 11.4141 3.17676 13.0615 4.55762 14.4424C5.93848 15.8232 7.58594 16.5137 9.5 16.5137ZM9.5 0.763672C11.9062 0.763672 13.9639 1.61816 15.6729 3.32715C17.3818 5.03613 18.2363 7.09375 18.2363 9.5C18.2363 11.9062 17.3818 13.9639 15.6729 15.6729C13.9639 17.3818 11.9062 18.2363 9.5 18.2363C7.09375 18.2363 5.03613 17.3818 3.32715 15.6729C1.61816 13.9639 0.763672 11.9062 0.763672 9.5C0.763672 7.09375 1.61816 5.03613 3.32715 3.32715C5.03613 1.61816 7.09375 0.763672 9.5 0.763672Z\" fill=\"#F76D00\"\/><\/svg><\/div><div class=\"ouverture\">Del 3 de abril de 2026 al 2 de noviembre de 2026<\/div>\n<\/span><\/div><iframe src=\"https:\/\/www.google.com\/maps\/embed?pb=!1m18!1m12!1m3!1d16410.324848591747!2d-1.5830966087453178!3d43.35688463398541!2m3!1f0!2f0!3f0!3m2!1i1024!2i768!4f13.1!3m3!1m2!1s0xd5110e11081b449%3A0x58232bfcfdaca3c5!2sCamping%20Ibarron%20au%20Pays%20Basque!5e0!3m2!1sfr!2sfr!4v1656010236146!5m2!1sfr!2sfr\" width=\"100%\" height=\"380\" style=\"border:0;\" allowfullscreen=\"\" loading=\"lazy\" referrerpolicy=\"no-referrer-when-downgrade\"><\/iframe><\/div><\/div>","protected":false},"excerpt":{"rendered":"","protected":false},"author":1,"featured_media":2369,"parent":0,"menu_order":0,"comment_status":"closed","ping_status":"closed","template":"","meta":{"_acf_changed":false,"footnotes":""},"class_list":["post-2753","page","type-page","status-publish","has-post-thumbnail","hentry"],"acf":[],"yoast_head":"<!-- This site is optimized with the Yoast SEO plugin v27.4 - https:\/\/yoast.com\/product\/yoast-seo-wordpress\/ -->\n<title>Comprar una casa m\u00f3vil en el Pa\u00eds Vasco: convi\u00e9rtete en propietario en la costa vasca<\/title>\n<meta name=\"description\" content=\"Invierta con un valor seguro confiando en el camping Ibarron para comprar su casa m\u00f3vil en el Pa\u00eds Vasco en Saint P\u00e9e.\" \/>\n<meta name=\"robots\" content=\"index, follow, max-snippet:-1, max-image-preview:large, max-video-preview:-1\" \/>\n<link rel=\"canonical\" href=\"https:\/\/www.camping-ibarron.com\/es\/compra-casa-movil-pais-vasco\/\" \/>\n<meta property=\"og:locale\" content=\"es_ES\" \/>\n<meta property=\"og:type\" content=\"article\" \/>\n<meta property=\"og:title\" content=\"Comprar una casa m\u00f3vil en el Pa\u00eds Vasco: convi\u00e9rtete en propietario en la costa vasca\" \/>\n<meta property=\"og:description\" content=\"Invierta con un valor seguro confiando en el camping Ibarron para comprar su casa m\u00f3vil en el Pa\u00eds Vasco en Saint P\u00e9e.\" \/>\n<meta property=\"og:url\" content=\"https:\/\/www.camping-ibarron.com\/es\/compra-casa-movil-pais-vasco\/\" \/>\n<meta property=\"og:site_name\" content=\"Camping Ibarron\" \/>\n<meta property=\"article:modified_time\" content=\"2024-10-15T09:20:47+00:00\" \/>\n<meta property=\"og:image\" content=\"https:\/\/www.camping-ibarron.com\/wp-content\/uploads\/2023\/03\/DEVENIR-PROPRIETAIRE-1-1-scaled.jpg\" \/>\n\t<meta property=\"og:image:width\" content=\"2560\" \/>\n\t<meta property=\"og:image:height\" content=\"1297\" \/>\n\t<meta property=\"og:image:type\" content=\"image\/jpeg\" \/>\n<meta name=\"twitter:card\" content=\"summary_large_image\" \/>\n<meta name=\"twitter:label1\" content=\"Tiempo de lectura\" \/>\n\t<meta name=\"twitter:data1\" content=\"1 minuto\" \/>\n<script type=\"application\/ld+json\" class=\"yoast-schema-graph\">{\"@context\":\"https:\\\/\\\/schema.org\",\"@graph\":[{\"@type\":\"WebPage\",\"@id\":\"https:\\\/\\\/www.camping-ibarron.com\\\/es\\\/compra-casa-movil-pais-vasco\\\/\",\"url\":\"https:\\\/\\\/www.camping-ibarron.com\\\/es\\\/compra-casa-movil-pais-vasco\\\/\",\"name\":\"Comprar una casa m\u00f3vil en el Pa\u00eds Vasco: convi\u00e9rtete en propietario en la costa vasca\",\"isPartOf\":{\"@id\":\"https:\\\/\\\/www.camping-ibarron.com\\\/es\\\/#website\"},\"primaryImageOfPage\":{\"@id\":\"https:\\\/\\\/www.camping-ibarron.com\\\/es\\\/compra-casa-movil-pais-vasco\\\/#primaryimage\"},\"image\":{\"@id\":\"https:\\\/\\\/www.camping-ibarron.com\\\/es\\\/compra-casa-movil-pais-vasco\\\/#primaryimage\"},\"thumbnailUrl\":\"https:\\\/\\\/www.camping-ibarron.com\\\/wp-content\\\/uploads\\\/2023\\\/03\\\/DEVENIR-PROPRIETAIRE-1-1-scaled.jpg\",\"datePublished\":\"2022-01-04T14:34:24+00:00\",\"dateModified\":\"2024-10-15T09:20:47+00:00\",\"description\":\"Invierta con un valor seguro confiando en el camping Ibarron para comprar su casa m\u00f3vil en el Pa\u00eds Vasco en Saint P\u00e9e.\",\"breadcrumb\":{\"@id\":\"https:\\\/\\\/www.camping-ibarron.com\\\/es\\\/compra-casa-movil-pais-vasco\\\/#breadcrumb\"},\"inLanguage\":\"es\",\"potentialAction\":[{\"@type\":\"ReadAction\",\"target\":[\"https:\\\/\\\/www.camping-ibarron.com\\\/es\\\/compra-casa-movil-pais-vasco\\\/\"]}]},{\"@type\":\"ImageObject\",\"inLanguage\":\"es\",\"@id\":\"https:\\\/\\\/www.camping-ibarron.com\\\/es\\\/compra-casa-movil-pais-vasco\\\/#primaryimage\",\"url\":\"https:\\\/\\\/www.camping-ibarron.com\\\/wp-content\\\/uploads\\\/2023\\\/03\\\/DEVENIR-PROPRIETAIRE-1-1-scaled.jpg\",\"contentUrl\":\"https:\\\/\\\/www.camping-ibarron.com\\\/wp-content\\\/uploads\\\/2023\\\/03\\\/DEVENIR-PROPRIETAIRE-1-1-scaled.jpg\",\"width\":2560,\"height\":1297},{\"@type\":\"BreadcrumbList\",\"@id\":\"https:\\\/\\\/www.camping-ibarron.com\\\/es\\\/compra-casa-movil-pais-vasco\\\/#breadcrumb\",\"itemListElement\":[{\"@type\":\"ListItem\",\"position\":1,\"name\":\"Camping Pays Basque\",\"item\":\"https:\\\/\\\/www.camping-ibarron.com\\\/es\\\/\"},{\"@type\":\"ListItem\",\"position\":2,\"name\":\"Comprar una casa m\u00f3vil en el Pa\u00eds Vasco\"}]},{\"@type\":\"WebSite\",\"@id\":\"https:\\\/\\\/www.camping-ibarron.com\\\/es\\\/#website\",\"url\":\"https:\\\/\\\/www.camping-ibarron.com\\\/es\\\/\",\"name\":\"Camping Ibarron\",\"description\":\"Votre camping 3 \u00e9toiles au Pays Basque\",\"potentialAction\":[{\"@type\":\"SearchAction\",\"target\":{\"@type\":\"EntryPoint\",\"urlTemplate\":\"https:\\\/\\\/www.camping-ibarron.com\\\/es\\\/?s={search_term_string}\"},\"query-input\":{\"@type\":\"PropertyValueSpecification\",\"valueRequired\":true,\"valueName\":\"search_term_string\"}}],\"inLanguage\":\"es\"}]}<\/script>\n<!-- \/ Yoast SEO plugin. -->","yoast_head_json":{"title":"Comprar una casa m\u00f3vil en el Pa\u00eds Vasco: convi\u00e9rtete en propietario en la costa vasca","description":"Invierta con un valor seguro confiando en el camping Ibarron para comprar su casa m\u00f3vil en el Pa\u00eds Vasco en Saint P\u00e9e.","robots":{"index":"index","follow":"follow","max-snippet":"max-snippet:-1","max-image-preview":"max-image-preview:large","max-video-preview":"max-video-preview:-1"},"canonical":"https:\/\/www.camping-ibarron.com\/es\/compra-casa-movil-pais-vasco\/","og_locale":"es_ES","og_type":"article","og_title":"Comprar una casa m\u00f3vil en el Pa\u00eds Vasco: convi\u00e9rtete en propietario en la costa vasca","og_description":"Invierta con un valor seguro confiando en el camping Ibarron para comprar su casa m\u00f3vil en el Pa\u00eds Vasco en Saint P\u00e9e.","og_url":"https:\/\/www.camping-ibarron.com\/es\/compra-casa-movil-pais-vasco\/","og_site_name":"Camping Ibarron","article_modified_time":"2024-10-15T09:20:47+00:00","og_image":[{"width":2560,"height":1297,"url":"https:\/\/www.camping-ibarron.com\/wp-content\/uploads\/2023\/03\/DEVENIR-PROPRIETAIRE-1-1-scaled.jpg","type":"image\/jpeg"}],"twitter_card":"summary_large_image","twitter_misc":{"Tiempo de lectura":"1 minuto"},"schema":{"@context":"https:\/\/schema.org","@graph":[{"@type":"WebPage","@id":"https:\/\/www.camping-ibarron.com\/es\/compra-casa-movil-pais-vasco\/","url":"https:\/\/www.camping-ibarron.com\/es\/compra-casa-movil-pais-vasco\/","name":"Comprar una casa m\u00f3vil en el Pa\u00eds Vasco: convi\u00e9rtete en propietario en la costa vasca","isPartOf":{"@id":"https:\/\/www.camping-ibarron.com\/es\/#website"},"primaryImageOfPage":{"@id":"https:\/\/www.camping-ibarron.com\/es\/compra-casa-movil-pais-vasco\/#primaryimage"},"image":{"@id":"https:\/\/www.camping-ibarron.com\/es\/compra-casa-movil-pais-vasco\/#primaryimage"},"thumbnailUrl":"https:\/\/www.camping-ibarron.com\/wp-content\/uploads\/2023\/03\/DEVENIR-PROPRIETAIRE-1-1-scaled.jpg","datePublished":"2022-01-04T14:34:24+00:00","dateModified":"2024-10-15T09:20:47+00:00","description":"Invierta con un valor seguro confiando en el camping Ibarron para comprar su casa m\u00f3vil en el Pa\u00eds Vasco en Saint P\u00e9e.","breadcrumb":{"@id":"https:\/\/www.camping-ibarron.com\/es\/compra-casa-movil-pais-vasco\/#breadcrumb"},"inLanguage":"es","potentialAction":[{"@type":"ReadAction","target":["https:\/\/www.camping-ibarron.com\/es\/compra-casa-movil-pais-vasco\/"]}]},{"@type":"ImageObject","inLanguage":"es","@id":"https:\/\/www.camping-ibarron.com\/es\/compra-casa-movil-pais-vasco\/#primaryimage","url":"https:\/\/www.camping-ibarron.com\/wp-content\/uploads\/2023\/03\/DEVENIR-PROPRIETAIRE-1-1-scaled.jpg","contentUrl":"https:\/\/www.camping-ibarron.com\/wp-content\/uploads\/2023\/03\/DEVENIR-PROPRIETAIRE-1-1-scaled.jpg","width":2560,"height":1297},{"@type":"BreadcrumbList","@id":"https:\/\/www.camping-ibarron.com\/es\/compra-casa-movil-pais-vasco\/#breadcrumb","itemListElement":[{"@type":"ListItem","position":1,"name":"Camping Pays Basque","item":"https:\/\/www.camping-ibarron.com\/es\/"},{"@type":"ListItem","position":2,"name":"Comprar una casa m\u00f3vil en el Pa\u00eds Vasco"}]},{"@type":"WebSite","@id":"https:\/\/www.camping-ibarron.com\/es\/#website","url":"https:\/\/www.camping-ibarron.com\/es\/","name":"Camping Ibarron","description":"Votre camping 3 \u00e9toiles au Pays Basque","potentialAction":[{"@type":"SearchAction","target":{"@type":"EntryPoint","urlTemplate":"https:\/\/www.camping-ibarron.com\/es\/?s={search_term_string}"},"query-input":{"@type":"PropertyValueSpecification","valueRequired":true,"valueName":"search_term_string"}}],"inLanguage":"es"}]}},"_links":{"self":[{"href":"https:\/\/www.camping-ibarron.com\/es\/wp-json\/wp\/v2\/pages\/2753","targetHints":{"allow":["GET"]}}],"collection":[{"href":"https:\/\/www.camping-ibarron.com\/es\/wp-json\/wp\/v2\/pages"}],"about":[{"href":"https:\/\/www.camping-ibarron.com\/es\/wp-json\/wp\/v2\/types\/page"}],"author":[{"embeddable":true,"href":"https:\/\/www.camping-ibarron.com\/es\/wp-json\/wp\/v2\/users\/1"}],"replies":[{"embeddable":true,"href":"https:\/\/www.camping-ibarron.com\/es\/wp-json\/wp\/v2\/comments?post=2753"}],"version-history":[{"count":6,"href":"https:\/\/www.camping-ibarron.com\/es\/wp-json\/wp\/v2\/pages\/2753\/revisions"}],"predecessor-version":[{"id":3155,"href":"https:\/\/www.camping-ibarron.com\/es\/wp-json\/wp\/v2\/pages\/2753\/revisions\/3155"}],"wp:featuredmedia":[{"embeddable":true,"href":"https:\/\/www.camping-ibarron.com\/es\/wp-json\/wp\/v2\/media\/2369"}],"wp:attachment":[{"href":"https:\/\/www.camping-ibarron.com\/es\/wp-json\/wp\/v2\/media?parent=2753"}],"curies":[{"name":"wp","href":"https:\/\/api.w.org\/{rel}","templated":true}]}}