{"id":2735,"date":"2022-01-04T14:36:06","date_gmt":"2022-01-04T13:36:06","guid":{"rendered":"https:\/\/www.camping-ibarron.com\/emplacements-camping-pays-basque\/"},"modified":"2024-05-09T14:22:42","modified_gmt":"2024-05-09T12:22:42","slug":"parcelas-camping-pais-vasco","status":"publish","type":"page","link":"https:\/\/www.camping-ibarron.com\/es\/parcelas-camping-pais-vasco\/","title":{"rendered":"R\u00c9SERVER MON EMPLACEMENT"},"content":{"rendered":"<div class=\"bloc-texte full\"><div class=\"texte center\"><p>Para los amantes de las vacaciones al aire libre, el Pa\u00eds Vasco ofrece numerosas posibilidades que les permitir\u00e1n encontrar un lugar bonito y confortable y vivir una aventura inolvidable con los suyos. Cerca de Hendaya, Bidart, San Juan de Luz y a pocos minutos de Biarritz y Bayona, los amantes de los bellos paisajes que buscan un lugar tranquilo y acogedor pueden, por ejemplo, reservar una parcela en el <a href=\"\/es\/\">camping Ibarron en el Pa\u00eds Vasco<\/a>, uno de los Campings estrella en los Pirineos Atl\u00e1nticos para disfrutar de una escapada \u00fanica en un entorno paradis\u00edaco al aire libre. El oc\u00e9ano y sus playas vascas est\u00e1n a s\u00f3lo unos minutos del establecimiento y tambi\u00e9n podr\u00e1 beneficiarse de los servicios de 3 estrellas de este camping vasco para perfeccionar sus d\u00edas. Ubicado bajo las monta\u00f1as y no lejos del oc\u00e9ano, el establecimiento es el punto de partida ideal para practicar senderismo y actividades familiares de todo tipo, as\u00ed como para visitar pueblos t\u00edpicos vascos o la conocida ciudad de Biarritz.<\/p>\n<\/div><\/div>\n\n<div class=\"frame\"><div class=\"ctoutvert\"><ctv-availability data-product-type=\"pitch\" data-background-color=\"#FFFFFFFF\" ><\/ctv-availability><\/div><\/div>\n\n<div class=\"boutons-row\"><a class=\"bouton\" href=\"https:\/\/bookingpremium.secureholiday.net\/es\/6059\/search\/product-list?filterStatus=hideFilters&#038;productType=pitch\" target=\"_blank\" rel=\"noopener\">Reserva tu parcela<\/a><\/div>\n\n<div class=\"text-image-new style1 image-right background-marron\"><div class=\"text-image-new-colonne\"><H2 class=\"text-image-new-titre\">Alquilar un camping para una autocaravana<\/H2><div class=\"text-image-new-content\"><p>En el camping de 3 estrellas Ibarr\u00f3n, reserve un lugar propicio para la comuni\u00f3n directa con la naturaleza mientras disfruta de una total independencia durante su estancia. De hecho, algunos de los campings est\u00e1n dedicados espec\u00edficamente a las furgonetas camper para que puedas disfrutar de una estancia original. A la sombra de los \u00e1rboles o en un lugar bastante soleado, podr\u00e1s sentarte c\u00f3modamente, sacar las sillas y una mesa para almorzar en familia en medio del verdor. Por la tarde, tendr\u00e1s la opci\u00f3n de relajarte en una tumbona plegable, en paz o aprovechar las divertidas instalaciones de la zona. \u00a1As\u00ed que no dudes en reservar tu parcela en uno de los campings al aire libre de Ibarr\u00f3n para que tu escapada naturalista sea un \u00e9xito! Descubre ahora nuestros precios y reserva tu estancia. Tenga en cuenta que si lo desea, tambi\u00e9n disponemos de mobil-homes de alquiler en nuestro camping.<\/p>\n<\/div><\/div><div class=\"text-image-new-colonne\"><img decoding=\"async\" src=\"https:\/\/www.camping-ibarron.com\/wp-content\/uploads\/2023\/10\/emplacement-caravane-camping-pays-basque.jpg\" alt=\"parcela para caravanas camping pa\u00eds vasco\" class=\"text-image-new-thumb\" \/><\/div><\/div>\n\n<div class=\"text-image-new style1 image-left\"><div class=\"text-image-new-colonne\"><H2 class=\"text-image-new-titre\">Alquiler de un camping para tiendas o caravanas en Saint P\u00e9e sur Nivelle<\/H2><div class=\"text-image-new-content\"><p>\u00bfQuieres ser uno con la naturaleza? Existen otras soluciones adem\u00e1s de las casas m\u00f3viles para disfrutar de unas vacaciones en camping optando por el paquete tradicional, como reservar una parcela para tiendas de campa\u00f1a en el Pa\u00eds Vasco o parcelas dedicadas a una caravana cerca de San Juan de Luz, Hendaya y Bidart.<\/p>\n<p>Situado en un entorno verde id\u00edlico, el camping de 3 estrellas Ibarr\u00f3n le ofrece el alquiler de parcelas abiertas y con sombra, delimitadas por setos, para pasar noches ex\u00f3ticas con un confort minimalista, solo, en pareja o en familia. Instale su tienda de campa\u00f1a en un lugar apartado para disfrutar de sus vacaciones con total tranquilidad o estacione su veh\u00edculo cerca del parque infantil para disfrutar de los juegos previstos en el establecimiento o en la piscina.<\/p>\n<\/div><p class=\"lire-plus\">Leer m\u00e1s<\/p><div class=\"text-image-new-content-more hide\"><p>La noche bajo las estrellas la disfrutar\u00e1s en este camping del Pa\u00eds Vasco en tienda de campa\u00f1a o a bordo de una caravana en un lugar aparte, cien por cien dedicado al relax al aire libre. Adem\u00e1s, los aseos se han instalado muy cerca del recinto para facilitarte el d\u00eda a d\u00eda, al igual que el punto de agua. La conexi\u00f3n el\u00e9ctrica est\u00e1 disponible como opci\u00f3n (electricidad 6A). Tambi\u00e9n hay que recordar que all\u00ed se aceptan perros bajo determinadas condiciones.<\/p>\n<\/div><p class=\"lire-moins hide\">Leer menos<\/p><\/div><div class=\"text-image-new-colonne\"><img decoding=\"async\" src=\"https:\/\/www.camping-ibarron.com\/wp-content\/uploads\/2024\/04\/emplacements-camping-pays-basque.jpg\" alt=\"Parcelas de camping en el Pa\u00eds Vasco\" class=\"text-image-new-thumb\" \/><\/div><\/div>","protected":false},"excerpt":{"rendered":"","protected":false},"author":1,"featured_media":2373,"parent":0,"menu_order":0,"comment_status":"closed","ping_status":"closed","template":"","meta":{"_acf_changed":false,"footnotes":""},"class_list":["post-2735","page","type-page","status-publish","has-post-thumbnail","hentry"],"acf":[],"yoast_head":"<!-- This site is optimized with the Yoast SEO plugin v27.3 - https:\/\/yoast.com\/product\/yoast-seo-wordpress\/ -->\n<title>Parcela de camping en el Pa\u00eds Vasco para tiendas y caravanas<\/title>\n<meta name=\"description\" content=\"Encuentra la ubicaci\u00f3n ideal para tu furgoneta camper econ\u00f3mica para tus vacaciones en plena naturaleza en el Pa\u00eds Vasco.\" \/>\n<meta name=\"robots\" content=\"index, follow, max-snippet:-1, max-image-preview:large, max-video-preview:-1\" \/>\n<link rel=\"canonical\" href=\"https:\/\/www.camping-ibarron.com\/es\/parcelas-camping-pais-vasco\/\" \/>\n<meta property=\"og:locale\" content=\"es_ES\" \/>\n<meta property=\"og:type\" content=\"article\" \/>\n<meta property=\"og:title\" content=\"Parcela de camping en el Pa\u00eds Vasco para tiendas y caravanas\" \/>\n<meta property=\"og:description\" content=\"Encuentra la ubicaci\u00f3n ideal para tu furgoneta camper econ\u00f3mica para tus vacaciones en plena naturaleza en el Pa\u00eds Vasco.\" \/>\n<meta property=\"og:url\" content=\"https:\/\/www.camping-ibarron.com\/es\/parcelas-camping-pais-vasco\/\" \/>\n<meta property=\"og:site_name\" content=\"Camping Ibarron\" \/>\n<meta property=\"article:modified_time\" content=\"2024-05-09T12:22:42+00:00\" \/>\n<meta property=\"og:image\" content=\"https:\/\/www.camping-ibarron.com\/wp-content\/uploads\/2023\/03\/RESERVER-MON-EMPLACEMENT-2-1-scaled.jpg\" \/>\n\t<meta property=\"og:image:width\" content=\"2560\" \/>\n\t<meta property=\"og:image:height\" content=\"1297\" \/>\n\t<meta property=\"og:image:type\" content=\"image\/jpeg\" \/>\n<meta name=\"twitter:card\" content=\"summary_large_image\" \/>\n<meta name=\"twitter:label1\" content=\"Tiempo de lectura\" \/>\n\t<meta name=\"twitter:data1\" content=\"1 minuto\" \/>\n<script type=\"application\/ld+json\" class=\"yoast-schema-graph\">{\"@context\":\"https:\\\/\\\/schema.org\",\"@graph\":[{\"@type\":\"WebPage\",\"@id\":\"https:\\\/\\\/www.camping-ibarron.com\\\/es\\\/parcelas-camping-pais-vasco\\\/\",\"url\":\"https:\\\/\\\/www.camping-ibarron.com\\\/es\\\/parcelas-camping-pais-vasco\\\/\",\"name\":\"Parcela de camping en el Pa\u00eds Vasco para tiendas y caravanas\",\"isPartOf\":{\"@id\":\"https:\\\/\\\/www.camping-ibarron.com\\\/es\\\/#website\"},\"primaryImageOfPage\":{\"@id\":\"https:\\\/\\\/www.camping-ibarron.com\\\/es\\\/parcelas-camping-pais-vasco\\\/#primaryimage\"},\"image\":{\"@id\":\"https:\\\/\\\/www.camping-ibarron.com\\\/es\\\/parcelas-camping-pais-vasco\\\/#primaryimage\"},\"thumbnailUrl\":\"https:\\\/\\\/www.camping-ibarron.com\\\/wp-content\\\/uploads\\\/2023\\\/03\\\/RESERVER-MON-EMPLACEMENT-2-1-scaled.jpg\",\"datePublished\":\"2022-01-04T13:36:06+00:00\",\"dateModified\":\"2024-05-09T12:22:42+00:00\",\"description\":\"Encuentra la ubicaci\u00f3n ideal para tu furgoneta camper econ\u00f3mica para tus vacaciones en plena naturaleza en el Pa\u00eds Vasco.\",\"breadcrumb\":{\"@id\":\"https:\\\/\\\/www.camping-ibarron.com\\\/es\\\/parcelas-camping-pais-vasco\\\/#breadcrumb\"},\"inLanguage\":\"es\",\"potentialAction\":[{\"@type\":\"ReadAction\",\"target\":[\"https:\\\/\\\/www.camping-ibarron.com\\\/es\\\/parcelas-camping-pais-vasco\\\/\"]}]},{\"@type\":\"ImageObject\",\"inLanguage\":\"es\",\"@id\":\"https:\\\/\\\/www.camping-ibarron.com\\\/es\\\/parcelas-camping-pais-vasco\\\/#primaryimage\",\"url\":\"https:\\\/\\\/www.camping-ibarron.com\\\/wp-content\\\/uploads\\\/2023\\\/03\\\/RESERVER-MON-EMPLACEMENT-2-1-scaled.jpg\",\"contentUrl\":\"https:\\\/\\\/www.camping-ibarron.com\\\/wp-content\\\/uploads\\\/2023\\\/03\\\/RESERVER-MON-EMPLACEMENT-2-1-scaled.jpg\",\"width\":2560,\"height\":1297},{\"@type\":\"BreadcrumbList\",\"@id\":\"https:\\\/\\\/www.camping-ibarron.com\\\/es\\\/parcelas-camping-pais-vasco\\\/#breadcrumb\",\"itemListElement\":[{\"@type\":\"ListItem\",\"position\":1,\"name\":\"Camping Pays Basque\",\"item\":\"https:\\\/\\\/www.camping-ibarron.com\\\/es\\\/\"},{\"@type\":\"ListItem\",\"position\":2,\"name\":\"Parcelas en el Pa\u00eds Vasco\"}]},{\"@type\":\"WebSite\",\"@id\":\"https:\\\/\\\/www.camping-ibarron.com\\\/es\\\/#website\",\"url\":\"https:\\\/\\\/www.camping-ibarron.com\\\/es\\\/\",\"name\":\"Camping Ibarron\",\"description\":\"Votre camping 3 \u00e9toiles au Pays Basque\",\"potentialAction\":[{\"@type\":\"SearchAction\",\"target\":{\"@type\":\"EntryPoint\",\"urlTemplate\":\"https:\\\/\\\/www.camping-ibarron.com\\\/es\\\/?s={search_term_string}\"},\"query-input\":{\"@type\":\"PropertyValueSpecification\",\"valueRequired\":true,\"valueName\":\"search_term_string\"}}],\"inLanguage\":\"es\"}]}<\/script>\n<!-- \/ Yoast SEO plugin. -->","yoast_head_json":{"title":"Parcela de camping en el Pa\u00eds Vasco para tiendas y caravanas","description":"Encuentra la ubicaci\u00f3n ideal para tu furgoneta camper econ\u00f3mica para tus vacaciones en plena naturaleza en el Pa\u00eds Vasco.","robots":{"index":"index","follow":"follow","max-snippet":"max-snippet:-1","max-image-preview":"max-image-preview:large","max-video-preview":"max-video-preview:-1"},"canonical":"https:\/\/www.camping-ibarron.com\/es\/parcelas-camping-pais-vasco\/","og_locale":"es_ES","og_type":"article","og_title":"Parcela de camping en el Pa\u00eds Vasco para tiendas y caravanas","og_description":"Encuentra la ubicaci\u00f3n ideal para tu furgoneta camper econ\u00f3mica para tus vacaciones en plena naturaleza en el Pa\u00eds Vasco.","og_url":"https:\/\/www.camping-ibarron.com\/es\/parcelas-camping-pais-vasco\/","og_site_name":"Camping Ibarron","article_modified_time":"2024-05-09T12:22:42+00:00","og_image":[{"width":2560,"height":1297,"url":"https:\/\/www.camping-ibarron.com\/wp-content\/uploads\/2023\/03\/RESERVER-MON-EMPLACEMENT-2-1-scaled.jpg","type":"image\/jpeg"}],"twitter_card":"summary_large_image","twitter_misc":{"Tiempo de lectura":"1 minuto"},"schema":{"@context":"https:\/\/schema.org","@graph":[{"@type":"WebPage","@id":"https:\/\/www.camping-ibarron.com\/es\/parcelas-camping-pais-vasco\/","url":"https:\/\/www.camping-ibarron.com\/es\/parcelas-camping-pais-vasco\/","name":"Parcela de camping en el Pa\u00eds Vasco para tiendas y caravanas","isPartOf":{"@id":"https:\/\/www.camping-ibarron.com\/es\/#website"},"primaryImageOfPage":{"@id":"https:\/\/www.camping-ibarron.com\/es\/parcelas-camping-pais-vasco\/#primaryimage"},"image":{"@id":"https:\/\/www.camping-ibarron.com\/es\/parcelas-camping-pais-vasco\/#primaryimage"},"thumbnailUrl":"https:\/\/www.camping-ibarron.com\/wp-content\/uploads\/2023\/03\/RESERVER-MON-EMPLACEMENT-2-1-scaled.jpg","datePublished":"2022-01-04T13:36:06+00:00","dateModified":"2024-05-09T12:22:42+00:00","description":"Encuentra la ubicaci\u00f3n ideal para tu furgoneta camper econ\u00f3mica para tus vacaciones en plena naturaleza en el Pa\u00eds Vasco.","breadcrumb":{"@id":"https:\/\/www.camping-ibarron.com\/es\/parcelas-camping-pais-vasco\/#breadcrumb"},"inLanguage":"es","potentialAction":[{"@type":"ReadAction","target":["https:\/\/www.camping-ibarron.com\/es\/parcelas-camping-pais-vasco\/"]}]},{"@type":"ImageObject","inLanguage":"es","@id":"https:\/\/www.camping-ibarron.com\/es\/parcelas-camping-pais-vasco\/#primaryimage","url":"https:\/\/www.camping-ibarron.com\/wp-content\/uploads\/2023\/03\/RESERVER-MON-EMPLACEMENT-2-1-scaled.jpg","contentUrl":"https:\/\/www.camping-ibarron.com\/wp-content\/uploads\/2023\/03\/RESERVER-MON-EMPLACEMENT-2-1-scaled.jpg","width":2560,"height":1297},{"@type":"BreadcrumbList","@id":"https:\/\/www.camping-ibarron.com\/es\/parcelas-camping-pais-vasco\/#breadcrumb","itemListElement":[{"@type":"ListItem","position":1,"name":"Camping Pays Basque","item":"https:\/\/www.camping-ibarron.com\/es\/"},{"@type":"ListItem","position":2,"name":"Parcelas en el Pa\u00eds Vasco"}]},{"@type":"WebSite","@id":"https:\/\/www.camping-ibarron.com\/es\/#website","url":"https:\/\/www.camping-ibarron.com\/es\/","name":"Camping Ibarron","description":"Votre camping 3 \u00e9toiles au Pays Basque","potentialAction":[{"@type":"SearchAction","target":{"@type":"EntryPoint","urlTemplate":"https:\/\/www.camping-ibarron.com\/es\/?s={search_term_string}"},"query-input":{"@type":"PropertyValueSpecification","valueRequired":true,"valueName":"search_term_string"}}],"inLanguage":"es"}]}},"_links":{"self":[{"href":"https:\/\/www.camping-ibarron.com\/es\/wp-json\/wp\/v2\/pages\/2735","targetHints":{"allow":["GET"]}}],"collection":[{"href":"https:\/\/www.camping-ibarron.com\/es\/wp-json\/wp\/v2\/pages"}],"about":[{"href":"https:\/\/www.camping-ibarron.com\/es\/wp-json\/wp\/v2\/types\/page"}],"author":[{"embeddable":true,"href":"https:\/\/www.camping-ibarron.com\/es\/wp-json\/wp\/v2\/users\/1"}],"replies":[{"embeddable":true,"href":"https:\/\/www.camping-ibarron.com\/es\/wp-json\/wp\/v2\/comments?post=2735"}],"version-history":[{"count":2,"href":"https:\/\/www.camping-ibarron.com\/es\/wp-json\/wp\/v2\/pages\/2735\/revisions"}],"predecessor-version":[{"id":2738,"href":"https:\/\/www.camping-ibarron.com\/es\/wp-json\/wp\/v2\/pages\/2735\/revisions\/2738"}],"wp:featuredmedia":[{"embeddable":true,"href":"https:\/\/www.camping-ibarron.com\/es\/wp-json\/wp\/v2\/media\/2373"}],"wp:attachment":[{"href":"https:\/\/www.camping-ibarron.com\/es\/wp-json\/wp\/v2\/media?parent=2735"}],"curies":[{"name":"wp","href":"https:\/\/api.w.org\/{rel}","templated":true}]}}